{"id":981,"date":"2022-09-05T22:47:41","date_gmt":"2022-09-05T20:47:41","guid":{"rendered":"http:\/\/lenapriess-osteopathie.com\/?page_id=981"},"modified":"2023-11-18T11:11:39","modified_gmt":"2023-11-18T10:11:39","slug":"reizdarm-und-der-etwas-andere-therapeutische-zugang","status":"publish","type":"page","link":"http:\/\/lenapriess-osteopathie.com\/?page_id=981","title":{"rendered":"Reizdarm&#8230; und der etwas andere therapeutische Zugang"},"content":{"rendered":"\t\t<div data-elementor-type=\"wp-page\" data-elementor-id=\"981\" class=\"elementor elementor-981\">\n\t\t\t\t\t\t\t\t\t<section class=\"elementor-section elementor-top-section elementor-element elementor-element-60f4f369 elementor-section-boxed elementor-section-height-default elementor-section-height-default\" data-id=\"60f4f369\" data-element_type=\"section\">\n\t\t\t\t\t\t<div class=\"elementor-container elementor-column-gap-default\">\n\t\t\t\t\t<div class=\"elementor-column elementor-col-100 elementor-top-column elementor-element elementor-element-25549a3a\" data-id=\"25549a3a\" data-element_type=\"column\">\n\t\t\t<div class=\"elementor-widget-wrap elementor-element-populated\">\n\t\t\t\t\t\t\t\t<div class=\"elementor-element elementor-element-7bf114d1 elementor-widget elementor-widget-text-editor\" data-id=\"7bf114d1\" data-element_type=\"widget\" data-widget_type=\"text-editor.default\">\n\t\t\t\t<div class=\"elementor-widget-container\">\n\t\t\t<style>\/*! elementor - v3.7.0 - 08-08-2022 *\/\n.elementor-widget-text-editor.elementor-drop-cap-view-stacked .elementor-drop-cap{background-color:#818a91;color:#fff}.elementor-widget-text-editor.elementor-drop-cap-view-framed .elementor-drop-cap{color:#818a91;border:3px solid;background-color:transparent}.elementor-widget-text-editor:not(.elementor-drop-cap-view-default) .elementor-drop-cap{margin-top:8px}.elementor-widget-text-editor:not(.elementor-drop-cap-view-default) .elementor-drop-cap-letter{width:1em;height:1em}.elementor-widget-text-editor .elementor-drop-cap{float:left;text-align:center;line-height:1;font-size:50px}.elementor-widget-text-editor .elementor-drop-cap-letter{display:inline-block}<\/style>\t\t\t\t<p><!-- wp:paragraph --><\/p>\n<p>Ein chronisch gereizter Darm ist mehr als ein kleines Zwicken nach einem zu reichlichen Essen.<\/p>\n<p><!-- \/wp:paragraph --><\/p>\n<p><!-- wp:paragraph --><\/p>\n<p>Solche sehr schmerzhaften Beschwerden f\u00fchren oft zu einer erfolglosen Odyssee durch die Arztpraxen.<\/p>\n<p><!-- \/wp:paragraph --><\/p>\n<p><!-- wp:paragraph --><\/p>\n<p>St\u00f6rungen unseres Verdauungssystems k\u00f6nnen, neben klaren k\u00f6rperlichen Folgen, auch tiefgreifende Auswirkungen auf unser emotionales Erleben haben und unsere Lebensqualit\u00e4t stark reduzieren.<\/p>\n<p><!-- \/wp:paragraph --><\/p>\n<p><!-- wp:paragraph --><\/p>\n<p>Es ist in unserem Kulturkreis noch viel zu wenig bekannt, dass die manuelle Behandlung der betroffenen Strukturen, diese Situation signifikant verbessern kann.<\/p>\n<p><!-- \/wp:paragraph --><\/p>\n<p><!-- wp:paragraph --><\/p>\n<p>Diese spezielle Therapie der Bauchorgane l\u00f6st Spannungen und kann so Schmerzen reduzieren, die Eigenbewegung der Organe steigern oder harmonisieren und die Sekretion von Verdauungsenzymen anregen.<\/p>\n<p><!-- \/wp:paragraph --><\/p>\n<p><!-- wp:paragraph --><\/p>\n<p>Mit langj\u00e4hriger Erfahrung und dem Studium unterschiedlichster therapeutischer Herangehensweisen habe ich ein Konzept entwickelt, das die individuelle Problematik betrachtet und den K\u00f6rper positiv bei der Selbstheilung unterst\u00fctzt. Dies geschieht in Zusammenarbeit mit dem Patienten und unter Einbeziehung der schulmedizinischen Befunde und therapeutischen Ans\u00e4tze jedes einzelnen.<\/p>\n<p><!-- \/wp:paragraph --><\/p>\n<p><!-- wp:paragraph --><\/p>\n<p>Um Ihren pers\u00f6nlichen Therapieplan zu erstellen, nutze ich ein breites Spektrum an Techniken aus der Osteopathie, dem Chi Nei Tsang, dem Osteo-Thai und der Cranio-Sacral-Therapie.<\/p>\n<p><!-- \/wp:paragraph --><\/p>\n<p><!-- wp:paragraph --><\/p>\n<p>Behandlungsdauer: 60min<\/p>\n<p><!-- \/wp:paragraph --><\/p>\n<p><!-- wp:paragraph --><\/p>\n<p>Kosten: 85.-<\/p>\n<p><!-- \/wp:paragraph --><\/p>\n<p><!-- wp:paragraph --><\/p><br><p><!-- \/wp:paragraph --><\/p>\t\t\t\t\t\t<\/div>\n\t\t\t\t<\/div>\n\t\t\t\t\t<\/div>\n\t\t<\/div>\n\t\t\t\t\t\t\t<\/div>\n\t\t<\/section>\n\t\t\t\t\t\t\t<\/div>\n\t\t","protected":false},"excerpt":{"rendered":"<p>Ein chronisch gereizter Darm ist mehr als ein kleines Zwicken nach einem zu reichlichen Essen. Solche sehr schmerzhaften Beschwerden f\u00fchren oft zu einer erfolglosen Odyssee durch die Arztpraxen. St\u00f6rungen unseres Verdauungssystems k\u00f6nnen, neben klaren k\u00f6rperlichen Folgen, auch tiefgreifende Auswirkungen auf unser emotionales Erleben haben und unsere Lebensqualit\u00e4t stark reduzieren. Es ist in unserem Kulturkreis noch viel zu wenig bekannt, dass die manuelle Behandlung der betroffenen Strukturen, diese Situation signifikant verbessern kann. Diese spezielle Therapie der Bauchorgane l\u00f6st Spannungen und kann so Schmerzen reduzieren, die Eigenbewegung der Organe steigern oder harmonisieren und die Sekretion von Verdauungsenzymen anregen. Mit langj\u00e4hriger Erfahrung und dem Studium unterschiedlichster therapeutischer Herangehensweisen habe ich ein Konzept entwickelt, das die individuelle Problematik betrachtet und den K\u00f6rper positiv bei der Selbstheilung unterst\u00fctzt. Dies geschieht in Zusammenarbeit mit dem Patienten und unter Einbeziehung der schulmedizinischen Befunde und therapeutischen Ans\u00e4tze jedes einzelnen. Um Ihren pers\u00f6nlichen Therapieplan zu erstellen, nutze ich ein breites Spektrum an Techniken aus der Osteopathie, dem Chi Nei Tsang, dem Osteo-Thai und der Cranio-Sacral-Therapie. Behandlungsdauer: 60min Kosten: 85.-<\/p>\n","protected":false},"author":1,"featured_media":914,"parent":0,"menu_order":0,"comment_status":"closed","ping_status":"closed","template":"","meta":{"footnotes":""},"_links":{"self":[{"href":"http:\/\/lenapriess-osteopathie.com\/index.php?rest_route=\/wp\/v2\/pages\/981"}],"collection":[{"href":"http:\/\/lenapriess-osteopathie.com\/index.php?rest_route=\/wp\/v2\/pages"}],"about":[{"href":"http:\/\/lenapriess-osteopathie.com\/index.php?rest_route=\/wp\/v2\/types\/page"}],"author":[{"embeddable":true,"href":"http:\/\/lenapriess-osteopathie.com\/index.php?rest_route=\/wp\/v2\/users\/1"}],"replies":[{"embeddable":true,"href":"http:\/\/lenapriess-osteopathie.com\/index.php?rest_route=%2Fwp%2Fv2%2Fcomments&post=981"}],"version-history":[{"count":7,"href":"http:\/\/lenapriess-osteopathie.com\/index.php?rest_route=\/wp\/v2\/pages\/981\/revisions"}],"predecessor-version":[{"id":1122,"href":"http:\/\/lenapriess-osteopathie.com\/index.php?rest_route=\/wp\/v2\/pages\/981\/revisions\/1122"}],"wp:featuredmedia":[{"embeddable":true,"href":"http:\/\/lenapriess-osteopathie.com\/index.php?rest_route=\/wp\/v2\/media\/914"}],"wp:attachment":[{"href":"http:\/\/lenapriess-osteopathie.com\/index.php?rest_route=%2Fwp%2Fv2%2Fmedia&parent=981"}],"curies":[{"name":"wp","href":"https:\/\/api.w.org\/{rel}","templated":true}]}}