{"id":972,"date":"2022-08-20T15:26:11","date_gmt":"2022-08-20T13:26:11","guid":{"rendered":"http:\/\/lenapriess-osteopathie.com\/?page_id=972"},"modified":"2023-11-18T11:09:12","modified_gmt":"2023-11-18T10:09:12","slug":"kopfschmerzen-und-der-etwas-andere-thearapeutische-ansatz","status":"publish","type":"page","link":"http:\/\/lenapriess-osteopathie.com\/?page_id=972","title":{"rendered":"Kopfschmerzen&#8230; und der etwas andere thearapeutische Ansatz"},"content":{"rendered":"\t\t<div data-elementor-type=\"wp-page\" data-elementor-id=\"972\" class=\"elementor elementor-972\">\n\t\t\t\t\t\t\t\t\t<section class=\"elementor-section elementor-top-section elementor-element elementor-element-43bd0cf elementor-section-boxed elementor-section-height-default elementor-section-height-default\" data-id=\"43bd0cf\" data-element_type=\"section\">\n\t\t\t\t\t\t<div class=\"elementor-container elementor-column-gap-default\">\n\t\t\t\t\t<div class=\"elementor-column elementor-col-100 elementor-top-column elementor-element elementor-element-5c62686d\" data-id=\"5c62686d\" data-element_type=\"column\">\n\t\t\t<div class=\"elementor-widget-wrap elementor-element-populated\">\n\t\t\t\t\t\t\t\t<div class=\"elementor-element elementor-element-51cf2c78 elementor-widget elementor-widget-text-editor\" data-id=\"51cf2c78\" data-element_type=\"widget\" data-widget_type=\"text-editor.default\">\n\t\t\t\t<div class=\"elementor-widget-container\">\n\t\t\t<style>\/*! elementor - v3.7.0 - 08-08-2022 *\/\n.elementor-widget-text-editor.elementor-drop-cap-view-stacked .elementor-drop-cap{background-color:#818a91;color:#fff}.elementor-widget-text-editor.elementor-drop-cap-view-framed .elementor-drop-cap{color:#818a91;border:3px solid;background-color:transparent}.elementor-widget-text-editor:not(.elementor-drop-cap-view-default) .elementor-drop-cap{margin-top:8px}.elementor-widget-text-editor:not(.elementor-drop-cap-view-default) .elementor-drop-cap-letter{width:1em;height:1em}.elementor-widget-text-editor .elementor-drop-cap{float:left;text-align:center;line-height:1;font-size:50px}.elementor-widget-text-editor .elementor-drop-cap-letter{display:inline-block}<\/style>\t\t\t\t<p><!-- wp:paragraph {\"style\":{\"typography\":{\"textTransform\":\"capitalize\"}}} --><\/p>\n<p style=\"text-transform:capitalize\">Die Ursachen f\u00fcr Kopfschmerzen sind so divers und individuell wie die Menschen, die von diesen geplagt werden. Diesem Credo folgt mein Behandlungsansatz.<\/p>\n<p><!-- \/wp:paragraph --><\/p>\n<p><!-- wp:paragraph --><\/p>\n<p>Wenn schulmedizinisch abgekl\u00e4rt ist, dass es keinen strukturellen Grund f\u00fcr diese Beschwerden gibt, steht das weite Feld der manuellen Behandlung offen.<\/p>\n<p><!-- \/wp:paragraph --><\/p>\n<p><!-- wp:paragraph --><\/p>\n<p>Ich sch\u00f6pfe aus langj\u00e4hriger Erfahrung und dem Studium unterschiedlichster Techniken und Therapieans\u00e4tze. Jeder Fall bekommt seinen individuellen Fokus, sein individuelles Therapiekonzept.<\/p>\n<p><!-- \/wp:paragraph --><\/p>\n<p><!-- wp:paragraph --><\/p>\n<p>Wir werden zusammen nach Ausl\u00f6sern f\u00fcr Ihre Schmerzen suchen, L\u00f6sungsans\u00e4tze erarbeiten und nat\u00fcrlich tief in die Welt der manuellen Behandlung mittels osteopathischer Techniken dem Chi Nei Tsang, dem Osteo-Thai und der Cranio-Sacral-Therapie eintauchen.<\/p>\n<p><!-- \/wp:paragraph --><\/p>\n<p><!-- wp:paragraph --><\/p>\n<p>Behandlungsdauer: 60min<\/p>\n<p><!-- \/wp:paragraph --><\/p>\n<p><!-- wp:paragraph --><\/p>\n<p>Kosten: 85.-<\/p>\n<p><!-- \/wp:paragraph --><\/p>\n<p><!-- wp:paragraph --><\/p>\n<p><br><\/p>\n<p><!-- \/wp:paragraph --><\/p>\n<p><!-- wp:paragraph --><\/p>\n<p><br><\/p>\n<p><!-- \/wp:paragraph --><\/p>\t\t\t\t\t\t<\/div>\n\t\t\t\t<\/div>\n\t\t\t\t\t<\/div>\n\t\t<\/div>\n\t\t\t\t\t\t\t<\/div>\n\t\t<\/section>\n\t\t\t\t\t\t\t<\/div>\n\t\t","protected":false},"excerpt":{"rendered":"<p>Die Ursachen f\u00fcr Kopfschmerzen sind so divers und individuell wie die Menschen, die von diesen geplagt werden. Diesem Credo folgt mein Behandlungsansatz. Wenn schulmedizinisch abgekl\u00e4rt ist, dass es keinen strukturellen Grund f\u00fcr diese Beschwerden gibt, steht das weite Feld der manuellen Behandlung offen. Ich sch\u00f6pfe aus langj\u00e4hriger Erfahrung und dem Studium unterschiedlichster Techniken und Therapieans\u00e4tze. Jeder Fall bekommt seinen individuellen Fokus, sein individuelles Therapiekonzept. Wir werden zusammen nach Ausl\u00f6sern f\u00fcr Ihre Schmerzen suchen, L\u00f6sungsans\u00e4tze erarbeiten und nat\u00fcrlich tief in die Welt der manuellen Behandlung mittels osteopathischer Techniken dem Chi Nei Tsang, dem Osteo-Thai und der Cranio-Sacral-Therapie eintauchen. Behandlungsdauer: 60min Kosten: 85.-<\/p>\n","protected":false},"author":1,"featured_media":1091,"parent":0,"menu_order":0,"comment_status":"closed","ping_status":"closed","template":"","meta":{"footnotes":""},"_links":{"self":[{"href":"http:\/\/lenapriess-osteopathie.com\/index.php?rest_route=\/wp\/v2\/pages\/972"}],"collection":[{"href":"http:\/\/lenapriess-osteopathie.com\/index.php?rest_route=\/wp\/v2\/pages"}],"about":[{"href":"http:\/\/lenapriess-osteopathie.com\/index.php?rest_route=\/wp\/v2\/types\/page"}],"author":[{"embeddable":true,"href":"http:\/\/lenapriess-osteopathie.com\/index.php?rest_route=\/wp\/v2\/users\/1"}],"replies":[{"embeddable":true,"href":"http:\/\/lenapriess-osteopathie.com\/index.php?rest_route=%2Fwp%2Fv2%2Fcomments&post=972"}],"version-history":[{"count":15,"href":"http:\/\/lenapriess-osteopathie.com\/index.php?rest_route=\/wp\/v2\/pages\/972\/revisions"}],"predecessor-version":[{"id":1116,"href":"http:\/\/lenapriess-osteopathie.com\/index.php?rest_route=\/wp\/v2\/pages\/972\/revisions\/1116"}],"wp:featuredmedia":[{"embeddable":true,"href":"http:\/\/lenapriess-osteopathie.com\/index.php?rest_route=\/wp\/v2\/media\/1091"}],"wp:attachment":[{"href":"http:\/\/lenapriess-osteopathie.com\/index.php?rest_route=%2Fwp%2Fv2%2Fmedia&parent=972"}],"curies":[{"name":"wp","href":"https:\/\/api.w.org\/{rel}","templated":true}]}}