{"id":942,"date":"2022-08-20T15:32:16","date_gmt":"2022-08-20T13:32:16","guid":{"rendered":"http:\/\/lenapriess-osteopathie.com\/?page_id=942"},"modified":"2023-11-18T11:10:22","modified_gmt":"2023-11-18T10:10:22","slug":"postnatal","status":"publish","type":"page","link":"http:\/\/lenapriess-osteopathie.com\/?page_id=942","title":{"rendered":"Postnatal"},"content":{"rendered":"\t\t<div data-elementor-type=\"wp-page\" data-elementor-id=\"942\" class=\"elementor elementor-942\">\n\t\t\t\t\t\t\t\t\t<section class=\"elementor-section elementor-top-section elementor-element elementor-element-63a378c elementor-section-boxed elementor-section-height-default elementor-section-height-default\" data-id=\"63a378c\" data-element_type=\"section\">\n\t\t\t\t\t\t<div class=\"elementor-container elementor-column-gap-default\">\n\t\t\t\t\t<div class=\"elementor-column elementor-col-100 elementor-top-column elementor-element elementor-element-45cd66aa\" data-id=\"45cd66aa\" data-element_type=\"column\">\n\t\t\t<div class=\"elementor-widget-wrap elementor-element-populated\">\n\t\t\t\t\t\t\t\t<div class=\"elementor-element elementor-element-2e2e7225 elementor-widget elementor-widget-text-editor\" data-id=\"2e2e7225\" data-element_type=\"widget\" data-widget_type=\"text-editor.default\">\n\t\t\t\t<div class=\"elementor-widget-container\">\n\t\t\t<style>\/*! elementor - v3.7.0 - 08-08-2022 *\/\n.elementor-widget-text-editor.elementor-drop-cap-view-stacked .elementor-drop-cap{background-color:#818a91;color:#fff}.elementor-widget-text-editor.elementor-drop-cap-view-framed .elementor-drop-cap{color:#818a91;border:3px solid;background-color:transparent}.elementor-widget-text-editor:not(.elementor-drop-cap-view-default) .elementor-drop-cap{margin-top:8px}.elementor-widget-text-editor:not(.elementor-drop-cap-view-default) .elementor-drop-cap-letter{width:1em;height:1em}.elementor-widget-text-editor .elementor-drop-cap{float:left;text-align:center;line-height:1;font-size:50px}.elementor-widget-text-editor .elementor-drop-cap-letter{display:inline-block}<\/style>\t\t\t\t<p><!-- wp:paragraph --><\/p>\n<p>Gesellschaftlich werden h\u00e4ufig absurd anmutende Dinge von Frauen nach der Entbindung erwartet. Sie sollen emotional ausgeglichen sein, fit, sch\u00f6n, schlank und energiegeladen, diesem wundervollen neuen Lebensabschnitt vor ihnen angstfrei und gl\u00fccklich entgegenlachen.<\/p>\n<p><!-- \/wp:paragraph --><\/p>\n<p><!-- wp:paragraph --><\/p>\n<p>Doch die Realit\u00e4t sieht oft anders aus. Eine Geburt ist ein \u00fcber alle Ma\u00dfen individuelles Ereignis im Leben einer Frau. Psyche und K\u00f6rper leisten in der Vorbereitung darauf und w\u00e4hrend dessen Unglaubliches. Im Nachklang f\u00fchlen sich viele Frauen allein gelassen. Ihr K\u00f6rper f\u00fchlt sich anders an als vorher. Hormonell steht alles ein weiteres Mal Kopf. Unterst\u00fctzung bei der Heilung, w\u00e4ren sp\u00fcrbar n\u00f6tig, aber in welcher Form ist, gerade am Anfang, oft schwer selber einzusch\u00e4tzen.<\/p>\n<p><!-- \/wp:paragraph --><\/p>\n<p><!-- wp:paragraph --><\/p>\n<p>Ich habe viele Frauen in dieser Phase ihres Lebens begleitet. Einige relativ kurz nach der Entbindung, viele auch deutlich nach der klassischen postnatalen Phase. Alle einte der Wunsch, wieder mehr zu sich und Ihrem K\u00f6rper finden zu wollen. Bestimmte Muster aufzul\u00f6sen, andere zu integrieren und anzunehmen.<\/p>\n<p><!-- \/wp:paragraph --><\/p>\n<p><!-- wp:paragraph --><\/p>\n<p>Langj\u00e4hrige Erfahrung, ein breites Spektrum manueller Techniken, viel Geduld und liebevolle Zuwendung stecken den Rahmen meiner Behandlung ab.<\/p>\n<p><!-- \/wp:paragraph --><\/p>\n<p><!-- wp:paragraph --><\/p>\n<p>Behandelt wird auf einer warmweichen Unterlage mit viel Platz auf dem Boden und mittels Techniken der Osteopathie, dem Chi Nei Tsang, dem Osteo-Thai und der Cranio-Sacral-Therapie.<\/p>\n<p><!-- \/wp:paragraph --><\/p>\n<p><!-- wp:paragraph --><\/p>\n<p>Lassen Sie uns gemeinsam ein St\u00fcck Ihres Weges gehen.<\/p>\n<p><!-- \/wp:paragraph --><\/p>\n<p><!-- wp:paragraph --><\/p>\n<p>Behandlungsdauer: 60min<\/p>\n<p><!-- \/wp:paragraph --><\/p>\n<p><!-- wp:paragraph --><\/p>\n<p>Kosten: 85.-<\/p>\n<p><!-- \/wp:paragraph --><\/p>\n<p><!-- wp:paragraph --><\/p><br><p><!-- \/wp:paragraph --><\/p>\t\t\t\t\t\t<\/div>\n\t\t\t\t<\/div>\n\t\t\t\t\t<\/div>\n\t\t<\/div>\n\t\t\t\t\t\t\t<\/div>\n\t\t<\/section>\n\t\t\t\t\t\t\t<\/div>\n\t\t","protected":false},"excerpt":{"rendered":"<p>Gesellschaftlich werden h\u00e4ufig absurd anmutende Dinge von Frauen nach der Entbindung erwartet. Sie sollen emotional ausgeglichen sein, fit, sch\u00f6n, schlank und energiegeladen, diesem wundervollen neuen Lebensabschnitt vor ihnen angstfrei und gl\u00fccklich entgegenlachen. Doch die Realit\u00e4t sieht oft anders aus. Eine Geburt ist ein \u00fcber alle Ma\u00dfen individuelles Ereignis im Leben einer Frau. Psyche und K\u00f6rper leisten in der Vorbereitung darauf und w\u00e4hrend dessen Unglaubliches. Im Nachklang f\u00fchlen sich viele Frauen allein gelassen. Ihr K\u00f6rper f\u00fchlt sich anders an als vorher. Hormonell steht alles ein weiteres Mal Kopf. Unterst\u00fctzung bei der Heilung, w\u00e4ren sp\u00fcrbar n\u00f6tig, aber in welcher Form ist, gerade am Anfang, oft schwer selber einzusch\u00e4tzen. Ich habe viele Frauen in dieser Phase ihres Lebens begleitet. Einige relativ kurz nach der Entbindung, viele auch deutlich nach der klassischen postnatalen Phase. Alle einte der Wunsch, wieder mehr zu sich und Ihrem K\u00f6rper finden zu wollen. Bestimmte Muster aufzul\u00f6sen, andere zu integrieren und anzunehmen. Langj\u00e4hrige Erfahrung, ein breites Spektrum manueller Techniken, viel Geduld und liebevolle Zuwendung stecken den Rahmen meiner Behandlung ab. Behandelt wird auf einer warmweichen Unterlage mit viel Platz auf dem Boden und mittels Techniken der Osteopathie, dem Chi Nei Tsang, dem Osteo-Thai und der Cranio-Sacral-Therapie. Lassen Sie uns gemeinsam ein St\u00fcck Ihres Weges gehen. Behandlungsdauer: 60min Kosten: 85.-<\/p>\n","protected":false},"author":1,"featured_media":0,"parent":0,"menu_order":0,"comment_status":"closed","ping_status":"closed","template":"","meta":{"footnotes":""},"_links":{"self":[{"href":"http:\/\/lenapriess-osteopathie.com\/index.php?rest_route=\/wp\/v2\/pages\/942"}],"collection":[{"href":"http:\/\/lenapriess-osteopathie.com\/index.php?rest_route=\/wp\/v2\/pages"}],"about":[{"href":"http:\/\/lenapriess-osteopathie.com\/index.php?rest_route=\/wp\/v2\/types\/page"}],"author":[{"embeddable":true,"href":"http:\/\/lenapriess-osteopathie.com\/index.php?rest_route=\/wp\/v2\/users\/1"}],"replies":[{"embeddable":true,"href":"http:\/\/lenapriess-osteopathie.com\/index.php?rest_route=%2Fwp%2Fv2%2Fcomments&post=942"}],"version-history":[{"count":4,"href":"http:\/\/lenapriess-osteopathie.com\/index.php?rest_route=\/wp\/v2\/pages\/942\/revisions"}],"predecessor-version":[{"id":1119,"href":"http:\/\/lenapriess-osteopathie.com\/index.php?rest_route=\/wp\/v2\/pages\/942\/revisions\/1119"}],"wp:attachment":[{"href":"http:\/\/lenapriess-osteopathie.com\/index.php?rest_route=%2Fwp%2Fv2%2Fmedia&parent=942"}],"curies":[{"name":"wp","href":"https:\/\/api.w.org\/{rel}","templated":true}]}}