{"id":2,"date":"2022-06-30T16:30:11","date_gmt":"2022-06-30T14:30:11","guid":{"rendered":"http:\/\/lenapriess-osteopathie.com\/\/?page_id=2"},"modified":"2023-11-18T11:50:09","modified_gmt":"2023-11-18T10:50:09","slug":"beispiel-seite","status":"publish","type":"page","link":"http:\/\/lenapriess-osteopathie.com\/?page_id=2","title":{"rendered":"About me"},"content":{"rendered":"\t\t<div data-elementor-type=\"wp-page\" data-elementor-id=\"2\" class=\"elementor elementor-2\">\n\t\t\t\t\t\t\t\t\t<section class=\"elementor-section elementor-top-section elementor-element elementor-element-3c8829d1 elementor-section-boxed elementor-section-height-default elementor-section-height-default\" data-id=\"3c8829d1\" data-element_type=\"section\">\n\t\t\t\t\t\t<div class=\"elementor-container elementor-column-gap-default\">\n\t\t\t\t\t<div class=\"elementor-column elementor-col-100 elementor-top-column elementor-element elementor-element-3f2cd73a\" data-id=\"3f2cd73a\" data-element_type=\"column\">\n\t\t\t<div class=\"elementor-widget-wrap elementor-element-populated\">\n\t\t\t\t\t\t\t\t<div class=\"elementor-element elementor-element-d4fcad0 elementor-widget elementor-widget-text-editor\" data-id=\"d4fcad0\" data-element_type=\"widget\" data-widget_type=\"text-editor.default\">\n\t\t\t\t<div class=\"elementor-widget-container\">\n\t\t\t<style>\/*! elementor - v3.7.0 - 08-08-2022 *\/\n.elementor-widget-text-editor.elementor-drop-cap-view-stacked .elementor-drop-cap{background-color:#818a91;color:#fff}.elementor-widget-text-editor.elementor-drop-cap-view-framed .elementor-drop-cap{color:#818a91;border:3px solid;background-color:transparent}.elementor-widget-text-editor:not(.elementor-drop-cap-view-default) .elementor-drop-cap{margin-top:8px}.elementor-widget-text-editor:not(.elementor-drop-cap-view-default) .elementor-drop-cap-letter{width:1em;height:1em}.elementor-widget-text-editor .elementor-drop-cap{float:left;text-align:center;line-height:1;font-size:50px}.elementor-widget-text-editor .elementor-drop-cap-letter{display:inline-block}<\/style>\t\t\t\t<p><\/p>\n<p>Zum ersten Mal in Kontakt gekommen mit manueller Therapie bin ich als junger Teenager. Ich spielte damals noch sehr intensiv Geige und hatte Schmerzen in einem Arm bekommen. Ich war fasziniert von der Arbeit meiner damaligen Therapeutin. F\u00fcr Wochen hatte ich \u00fcber die Schmerzen hinweg-ge\u00fcbt, bis ich sie nicht mehr ignorieren konnte. Und diese Frau konnte, mit Hilfe Ihres anatomischen Wissens und einfach nur mit ihren H\u00e4nde diese Schmerzen verschwinden lassen. Es wirkte damals wie Zauberei auf mich.<\/p>\n<p>Als immer klarer wurde, dass die Musik f\u00fcr immer mich ein bedeutender Teil meines Lebens sein wird, mir aber die technische Perfektion fehlt, um in Berlin klassische Musik zu studieren, begann ich erst ein, zugegebenerma\u00dfen sehr kurzes, Biologiestudium und dann mit wachsender Begeisterung in die Welt der&nbsp; K\u00f6rperarbeit einzutauchen.<\/p><p>Ich hatte das Gl\u00fcck an der Berliner Charit\u00e9 einen Ausbildungsplatz f\u00fcr Physiotherapie zu bekommen, machte anschlie\u00dfend eine Weiterbildung nach der anderen, unter anderem zur Manuellen Therapie (MT), Lymphdrainage(MLD), Faszien aus osteopathischer Sicht und in Sinne des Fasziendistorsionsmodells (FDM), Mulligan Concept und noch einige andere.<\/p>\n<p>So verbrachte ich die ersten 10 Jahre K\u00f6rperarbeit mit Weiterbildungen und der Arbeit an Krankenh\u00e4usern und verschiedenen Physio-Praxen in Berlin.<\/p>\n<p>Ein erster klarer Wendepunkt in meiner Arbeit war erst eine, dann noch eine und noch eine Weiterbildung bei Krishna Takis im Sunshine House zu Dynamic-Thai und Osteo-Thai.<\/p>\n<p>Die kraftvolle Verbindung zwischen Thai Massage und Osteopathie. Da war sie endlich. Die Art zu lernen und zu behandeln, die mir wirklich entsprach. Ich kann jeder Person, die Lust hat in diese Welt einzutauchen, nur empfehlen dort hinzufahren.<\/p>\n<p><a href=\"https:\/\/www.thaimassage.gr\/\">https:\/\/www.thaimassage.gr\/<\/a><\/p>\n<p>Vom Osteo-Thai war es nur noch ein kurzer Weg zur Osteopathie.<\/p>\n<p>Ein kurzer Weg zu einer langen, sehr intensiven, spannenden, einen an die Grenzen bringenden Ausbildung.<\/p>\n<p>5 weitere Jahre intensivste Auseinandersetzung mit dem menschlichen K\u00f6rper, plus die Ausbildung zur gro\u00dfen Heilpraktikerin, die Voraussetzung in Deutschland ist, um Osteopathie aus\u00fcben zu d\u00fcrfen.<\/p>\n<p>Ich bin dankbar daf\u00fcr, dass ich diesen Weg gehen konnte und so tief in die faszinierende Welt des menschlichen K\u00f6rpers eintauchen durfte und ich freue mich darauf, dieses Wissen mit dir zu teilen.<\/p>\n<p>english Version:<\/p>\n<p>&nbsp;I first came into contact with manual therapy as a young teenager. At that time I was still playing the violin very intensively and had pain in one arm. I was fascinated by the work of my therapist at the time. I practiced overcoming the pain for weeks until I could no longer ignore it. And this woman, with the help of her anatomical knowledge and nothing but her hands, was able to make that pain go away. It seemed like magic to me at the time. <\/p>\n<p>When it became increasingly clear that music would forever be an important part of my life, but that I lacked the technical perfection to study classical music in Berlin, I turned to studying biology, admittedly very briefly, and then with growing enthusiasm the body work. <\/p>\n<p>I was lucky enough to get a training position in physiotherapy at the Berlin Charit\u00e9, and then did one further training course after another, including manual therapy (MT), lymphatic drainage (MLD), fascia from an osteopathic perspective and in the sense of the fascial distortion model (FDM), Mulligan Concept and a few others. <\/p>\n<p>So I spent the first 10 years of body work with further training and working at hospitals and various physio practices in Berlin. The first clear turning point in my work was first one, then another and another further training with Krishna Takis in the Sunshine House on Dynamic Thai and Osteo Thai. The powerful connection between Thai massage and osteopathy. There she was finally. The way of learning and treating that really suited me. From Osteo-Thai it was only a short path to osteopathy. <\/p>\n<p>A short path to a long, very intensive, exciting training that pushes the limits. 5 more years of intensive study of the human body, plus training to become a great alternative practitioner, which is a prerequisite in Germany to be able to call yourself an osteopath. I look forward to welcoming you to our practice and embarking on your personal journey to less pain, more mobility, more strength and a better understanding of the body. <\/p>\n<p><\/p>\n<p><style>@font-face<br \/>\t{font-family:\"Cambria Math\";<br \/>\tpanose-1:2 4 5 3 5 4 6 3 2 4;<br \/>\tmso-font-charset:0;<br \/>\tmso-generic-font-family:roman;<br \/>\tmso-font-pitch:variable;<br \/>\tmso-font-signature:-536870145 1107305727 0 0 415 0;}@font-face<br \/>\t{font-family:Calibri;<br \/>\tpanose-1:2 15 5 2 2 2 4 3 2 4;<br \/>\tmso-font-charset:0;<br \/>\tmso-generic-font-family:swiss;<br \/>\tmso-font-pitch:variable;<br \/>\tmso-font-signature:-536859905 -1073732485 9 0 511 0;}p.MsoNormal, li.MsoNormal, div.MsoNormal<br \/>\t{mso-style-unhide:no;<br \/>\tmso-style-qformat:yes;<br \/>\tmso-style-parent:\"\";<br \/>\tmargin:0cm;<br \/>\tmargin-bottom:.0001pt;<br \/>\tmso-pagination:widow-orphan;<br \/>\tfont-size:12.0pt;<br \/>\tfont-family:\"Calibri\",sans-serif;<br \/>\tmso-ascii-font-family:Calibri;<br \/>\tmso-ascii-theme-font:minor-latin;<br \/>\tmso-fareast-font-family:Calibri;<br \/>\tmso-fareast-theme-font:minor-latin;<br \/>\tmso-hansi-font-family:Calibri;<br \/>\tmso-hansi-theme-font:minor-latin;<br \/>\tmso-bidi-font-family:\"Times New Roman\";<br \/>\tmso-bidi-theme-font:minor-bidi;<br \/>\tmso-fareast-language:EN-US;}a:link, span.MsoHyperlink<br \/>\t{mso-style-priority:99;<br \/>\tcolor:#0563C1;<br \/>\tmso-themecolor:hyperlink;<br \/>\ttext-decoration:underline;<br \/>\ttext-underline:single;}a:visited, span.MsoHyperlinkFollowed<br \/>\t{mso-style-noshow:yes;<br \/>\tmso-style-priority:99;<br \/>\tcolor:#954F72;<br \/>\tmso-themecolor:followedhyperlink;<br \/>\ttext-decoration:underline;<br \/>\ttext-underline:single;}.MsoChpDefault<br \/>\t{mso-style-type:export-only;<br \/>\tmso-default-props:yes;<br \/>\tfont-family:\"Calibri\",sans-serif;<br \/>\tmso-ascii-font-family:Calibri;<br \/>\tmso-ascii-theme-font:minor-latin;<br \/>\tmso-fareast-font-family:Calibri;<br \/>\tmso-fareast-theme-font:minor-latin;<br \/>\tmso-hansi-font-family:Calibri;<br \/>\tmso-hansi-theme-font:minor-latin;<br \/>\tmso-bidi-font-family:\"Times New Roman\";<br \/>\tmso-bidi-theme-font:minor-bidi;<br \/>\tmso-fareast-language:EN-US;}div.WordSection1<br \/>\t{page:WordSection<\/style><\/p>\t\t\t\t\t\t<\/div>\n\t\t\t\t<\/div>\n\t\t\t\t<div class=\"elementor-element elementor-element-67feb35d elementor-widget elementor-widget-text-editor\" data-id=\"67feb35d\" data-element_type=\"widget\" data-widget_type=\"text-editor.default\">\n\t\t\t\t<div class=\"elementor-widget-container\">\n\t\t\t\t\t\t\t<p><!-- wp:paragraph --><\/p>\n<p>\u00a0<\/p>\n<p>\u00a0<\/p>\n<p><!-- \/wp:paragraph --><\/p>\n<p><!-- wp:paragraph --><\/p>\n<p><!-- \/wp:paragraph --><\/p>\n<p><!-- wp:image {\"align\":\"center\",\"id\":6,\"sizeSlug\":\"large\",\"linkDestination\":\"none\"} --><\/p>\n<figure class=\"wp-block-image aligncenter size-large\"><img loading=\"lazy\" decoding=\"async\" class=\"wp-image-6 alignnone\" src=\"http:\/\/lenapriess-osteopathie.com\/wp-content\/uploads\/2022\/08\/41992123_1914451955312070_7605809760302006272_n-1024x1024.jpg\" alt=\"\" width=\"210\" height=\"210\" srcset=\"http:\/\/lenapriess-osteopathie.com\/wp-content\/uploads\/2022\/08\/41992123_1914451955312070_7605809760302006272_n-1024x1024.jpg 1024w, http:\/\/lenapriess-osteopathie.com\/wp-content\/uploads\/2022\/08\/41992123_1914451955312070_7605809760302006272_n-300x300.jpg 300w, http:\/\/lenapriess-osteopathie.com\/wp-content\/uploads\/2022\/08\/41992123_1914451955312070_7605809760302006272_n-150x150.jpg 150w, http:\/\/lenapriess-osteopathie.com\/wp-content\/uploads\/2022\/08\/41992123_1914451955312070_7605809760302006272_n-768x768.jpg 768w, http:\/\/lenapriess-osteopathie.com\/wp-content\/uploads\/2022\/08\/41992123_1914451955312070_7605809760302006272_n.jpg 1365w\" sizes=\"(max-width: 210px) 100vw, 210px\" \/><\/figure>\n<p><!-- \/wp:image --><\/p>\t\t\t\t\t\t<\/div>\n\t\t\t\t<\/div>\n\t\t\t\t\t<\/div>\n\t\t<\/div>\n\t\t\t\t\t\t\t<\/div>\n\t\t<\/section>\n\t\t\t\t\t\t\t<\/div>\n\t\t","protected":false},"excerpt":{"rendered":"<p>Zum ersten Mal in Kontakt gekommen mit manueller Therapie bin ich als junger Teenager. Ich spielte damals noch sehr intensiv Geige und hatte Schmerzen in einem Arm bekommen. Ich war fasziniert von der Arbeit meiner damaligen Therapeutin. F\u00fcr Wochen hatte ich \u00fcber die Schmerzen hinweg-ge\u00fcbt, bis ich sie nicht mehr ignorieren konnte. Und diese Frau konnte, mit Hilfe Ihres anatomischen Wissens und einfach nur mit ihren H\u00e4nde diese Schmerzen verschwinden lassen. Es wirkte damals wie Zauberei auf mich. Als immer klarer wurde, dass die Musik f\u00fcr immer mich ein bedeutender Teil meines Lebens sein wird, mir aber die technische Perfektion fehlt, um in Berlin klassische Musik zu studieren, begann ich erst ein, zugegebenerma\u00dfen sehr kurzes, Biologiestudium und dann mit wachsender Begeisterung in die Welt der&nbsp; K\u00f6rperarbeit einzutauchen. Ich hatte das Gl\u00fcck an der Berliner Charit\u00e9 einen Ausbildungsplatz f\u00fcr Physiotherapie zu bekommen, machte anschlie\u00dfend eine Weiterbildung nach der anderen, unter anderem zur Manuellen Therapie (MT), Lymphdrainage(MLD), Faszien aus osteopathischer Sicht und in Sinne des Fasziendistorsionsmodells (FDM), Mulligan Concept und noch einige andere. So verbrachte ich die ersten 10 Jahre K\u00f6rperarbeit mit Weiterbildungen und der Arbeit an Krankenh\u00e4usern und verschiedenen Physio-Praxen in Berlin. Ein erster klarer Wendepunkt in meiner Arbeit war erst eine, dann noch eine und noch eine Weiterbildung bei Krishna Takis im Sunshine House zu Dynamic-Thai und Osteo-Thai. Die kraftvolle Verbindung zwischen Thai Massage und Osteopathie. Da war sie endlich. Die Art zu lernen und zu behandeln, die mir wirklich entsprach. Ich kann jeder Person, die Lust hat in diese Welt einzutauchen, nur empfehlen dort hinzufahren. https:\/\/www.thaimassage.gr\/ Vom Osteo-Thai war es nur noch ein kurzer Weg zur Osteopathie. Ein kurzer Weg zu einer langen, sehr intensiven, spannenden, einen an die Grenzen bringenden Ausbildung. 5 weitere Jahre intensivste Auseinandersetzung mit dem menschlichen K\u00f6rper, plus die Ausbildung zur gro\u00dfen Heilpraktikerin, die Voraussetzung in Deutschland ist, um Osteopathie aus\u00fcben zu d\u00fcrfen. Ich bin dankbar daf\u00fcr, dass ich diesen Weg gehen konnte und so tief in die faszinierende Welt des menschlichen K\u00f6rpers eintauchen durfte und ich freue mich darauf, dieses Wissen mit dir zu teilen. english Version: &nbsp;I first came into contact with manual therapy as a young teenager. At that time I was still playing the violin very intensively and had pain in one arm. I was fascinated by the work of my therapist at the time. I practiced overcoming the pain for weeks until I could no longer ignore it. And this woman, with the help of her anatomical knowledge and nothing but her hands, was able to make that pain go away. It seemed like magic to me at the time. When it became increasingly clear that music would forever be an important part of my life, but that I lacked the technical perfection to study classical music in Berlin, I turned to studying biology, admittedly very briefly, and then with growing enthusiasm the body work. I was lucky enough to get a training position in physiotherapy at the Berlin Charit\u00e9, and then did one further training course after another, including manual therapy (MT), lymphatic drainage (MLD), fascia from an osteopathic perspective and in the sense of the fascial distortion model (FDM), Mulligan Concept and a few others. So I spent the first 10 years of body work with further training and working at hospitals and various physio practices in Berlin. The first clear turning point in my work was first one, then another and another further training with Krishna Takis in the Sunshine House on Dynamic Thai and Osteo Thai. The powerful connection between Thai massage and osteopathy. There she was finally. The way of learning and treating that really suited me. From Osteo-Thai it was only a short path to osteopathy. A short path to a long, very intensive, exciting training that pushes the limits. 5 more years of intensive study of the human body, plus training to become a great alternative practitioner, which is a prerequisite in Germany to be able to call yourself an osteopath. I look forward to welcoming you to our practice and embarking on your personal journey to less pain, more mobility, more strength and a better understanding of the body. \u00a0 \u00a0<\/p>\n","protected":false},"author":1,"featured_media":0,"parent":0,"menu_order":0,"comment_status":"closed","ping_status":"open","template":"","meta":{"footnotes":""},"_links":{"self":[{"href":"http:\/\/lenapriess-osteopathie.com\/index.php?rest_route=\/wp\/v2\/pages\/2"}],"collection":[{"href":"http:\/\/lenapriess-osteopathie.com\/index.php?rest_route=\/wp\/v2\/pages"}],"about":[{"href":"http:\/\/lenapriess-osteopathie.com\/index.php?rest_route=\/wp\/v2\/types\/page"}],"author":[{"embeddable":true,"href":"http:\/\/lenapriess-osteopathie.com\/index.php?rest_route=\/wp\/v2\/users\/1"}],"replies":[{"embeddable":true,"href":"http:\/\/lenapriess-osteopathie.com\/index.php?rest_route=%2Fwp%2Fv2%2Fcomments&post=2"}],"version-history":[{"count":26,"href":"http:\/\/lenapriess-osteopathie.com\/index.php?rest_route=\/wp\/v2\/pages\/2\/revisions"}],"predecessor-version":[{"id":1129,"href":"http:\/\/lenapriess-osteopathie.com\/index.php?rest_route=\/wp\/v2\/pages\/2\/revisions\/1129"}],"wp:attachment":[{"href":"http:\/\/lenapriess-osteopathie.com\/index.php?rest_route=%2Fwp%2Fv2%2Fmedia&parent=2"}],"curies":[{"name":"wp","href":"https:\/\/api.w.org\/{rel}","templated":true}]}}